{"id":1685,"date":"2025-08-08T12:01:41","date_gmt":"2025-08-08T09:01:41","guid":{"rendered":"https:\/\/diybooking.ro\/?page_id=1685"},"modified":"2026-02-10T08:15:05","modified_gmt":"2026-02-10T06:15:05","slug":"confidentialitate-si-cookies","status":"publish","type":"page","link":"https:\/\/diybooking.live\/en\/confidentialitate-si-cookies\/","title":{"rendered":"Privacy and Cookies"},"content":{"rendered":"<div data-elementor-type=\"wp-page\" data-elementor-id=\"1685\" class=\"elementor elementor-1685\">\n\t\t\t\t<div class=\"elementor-element elementor-element-aa20640 e-flex e-con-boxed e-con e-parent\" data-id=\"aa20640\" data-element_type=\"container\" data-e-type=\"container\">\n\t\t\t\t\t<div class=\"e-con-inner\">\n\t\t\t\t<div class=\"elementor-element elementor-element-3f78d8ad elementor-widget elementor-widget-text-editor\" data-id=\"3f78d8ad\" data-element_type=\"widget\" data-e-type=\"widget\" data-widget_type=\"text-editor.default\">\n\t\t\t\t<div class=\"elementor-widget-container\">\n\t\t\t\t\t\t\t\t\t\n<h2 class=\"wp-block-heading\"><strong>Politica de Confiden\u021bialitate DIYBOOKING<\/strong><\/h2>\n\n<p>At\u00a0<strong>DIYBOOKING<\/strong>\u00a0(\u201cwe,\u201d \u201cour,\u201d or \u201cthe site\u201d), protecting your privacy and personal data is a priority. This policy explains what data we collect, how we use it, and how we protect it when you use our platform.<\/p>\n\n<p><strong>Collected data<\/strong><br \/>We can collect the following information:<\/p>\n\n<ul class=\"wp-block-list\">\n<li>Personal data: name, email address, phone number, IP address;<\/li>\n\n<li>Data about site usage: pages visited, time spent on the site, browser type;<\/li>\n\n<li>Cookies and similar technologies.<\/li>\n<\/ul>\n\n<p><strong>How do we use your data<\/strong><br \/>We use collected data for:<\/p>\n\n<ul class=\"wp-block-list\">\n<li>Provide and improve DIYBOOKING.RO services;<\/li>\n\n<li>Communicate with you (e.g., booking confirmations, notifications);<\/li>\n\n<li>Personalize your experience on the site;<\/li>\n\n<li>Comply with legal obligations.<\/li>\n<\/ul>\n\n<p><strong>Data Protection<\/strong><br \/>We implement technical and organizational measures to protect your data against unauthorized access, loss, or destruction.<\/p>\n\n<p><strong>Data Disclosure to Third Parties<\/strong><br \/>We do not sell, rent, or transfer your personal data to third parties, except when necessary to provide services or as required by law.<\/p>\n\n<p><strong>Your Rights<\/strong><br \/>You have the right to:<\/p>\n\n<ul class=\"wp-block-list\">\n<li>Request access to your personal data;<\/li>\n\n<li>Request correction or deletion of your data;<\/li>\n\n<li>Object to data processing under certain conditions;<\/li>\n\n<li>Withdraw your consent (if applicable).<\/li>\n<\/ul>\n\n<p><strong>Cookies<\/strong><br \/>DIYBOOKING uses cookies to improve your experience. You can manage cookie preferences in your browser settings.<\/p>\n\n<p><strong>Changes to the Privacy Policy<\/strong><br \/>We may update this policy periodically. Any changes will be posted on this page.<\/p>\n<hr class=\"wp-block-separator has-alpha-channel-opacity\" \/>\n<h3 class=\"wp-block-heading\">\u00a0<\/h3>\n\n<h2 class=\"wp-block-heading\"><strong>Cookie Policy on DIYBOOKING<\/strong><\/h2>\n\n<p>At\u00a0<strong>DIYBOOKING<\/strong>\u00a0(\u201cwe,\u201d \u201cour,\u201d or \u201cthe site\u201d), protecting your privacy and personal data is a priority. This policy explains what data we collect, how we use it, and how we protect it when you use our platform.<\/p>\n\n<p><strong>Collected data<\/strong><br \/>We can collect the following information:<\/p>\n\n<ul class=\"wp-block-list\">\n<li>Personal data: name, email address, phone number, IP address;<\/li>\n\n<li>Data about site usage: pages visited, time spent on the site, browser type;<\/li>\n\n<li>Cookies and similar technologies.<\/li>\n<\/ul>\n\n<p><strong>How do we use your data<\/strong><br \/>We use collected data for:<\/p>\n\n<ul class=\"wp-block-list\">\n<li>Provide and improve DIYBOOKING.RO services;<\/li>\n\n<li>Communicate with you (e.g., booking confirmations, notifications);<\/li>\n\n<li>Personalize your experience on the site;<\/li>\n\n<li>Comply with legal obligations.<\/li>\n<\/ul>\n\n<p><strong>Data Protection<\/strong><br \/>We implement technical and organizational measures to protect your data against unauthorized access, loss, or destruction.<\/p>\n\n<p><strong>Data Disclosure to Third Parties<\/strong><br \/>We do not sell, rent, or transfer your personal data to third parties, except when necessary to provide services or as required by law.<\/p>\n\n<p><strong>Your Rights<\/strong><br \/>DIYBOOKING uses cookies.\u00a0<strong>diybooking<\/strong>\u00a0can store cookies.<\/p>\n\n<p>The information presented below aims to inform the user about the placement, use, and management of the cookies used by this site. Additionally, some useful links related to this topic are provided.\u00a0<\/p>\n<p><strong>What are cookies?<\/strong><\/p>\n\n<p>A\u00a0<strong>\u201ecookie\u201d<\/strong>\u00a0is a small text file stored on your device (computer, smartphone, tablet) containing information about your online activity. Cookies are passive\u2014they do not contain code, viruses, or spyware.<\/p>\n\n<p><strong>Cookies are used for:<\/strong><\/p>\n\n<ul class=\"wp-block-list\">\n<li>Remembering user preferences and settings;<\/li>\n\n<li>Improving browsing experience;<\/li>\n\n<li>Improving browsing experience;<\/li>\n\n<li>Analyzing site performance;<\/li>\n\n<li>Displaying relevant ads.\u00a0<\/li>\n<li>Tipuri de cookie-uri:<\/li>\n<\/ul>\n\n<ol class=\"wp-block-list\">\n<li><strong>Session cookies:<\/strong>\u00a0\u2013 are automatically deleted when the browser is closed.<\/li>\n\n<li><strong>Persistent cookies<\/strong>\u00a0\u2013 are stored until a predefined expiration date or until manually deleted.<\/li>\n\n<li><strong>Third-party cookies \u2013 set by other sites to deliver relevant ads or services.<\/strong> \u2013 are set by other websites, for example, to deliver relevant ads.<\/li>\n<\/ol>\n\n<p>Vizit\u00e2nd diybooking, pot fi plasate urm\u0103toarele tipuri de cookie-uri:<\/p>\n\n<ul class=\"wp-block-list\">\n<li><strong>Performance cookies<\/strong><\/li>\n\n<li><strong>Traffic analytics cookies (e.g., Google Analytics)<\/strong>\u00a0(ex: Google Analytics)<\/li>\n\n<li><strong>Geotargeting cookies<\/strong><\/li>\n\n<li><strong>Registration cookies<\/strong><\/li>\n\n<li><strong>Advertising cookies (e.g., Google Ads)<\/strong>\u00a0(ex: Google Ads)<\/li>\n\n<li><strong>Third-party provider cookies (e.g., Facebook, YouTube)<\/strong>\u00a0(ex: Facebook, YouTube)<\/li>\n<\/ul>\n\n<ul class=\"wp-block-list\"><\/ul>\n\n<p>Cookies may collect:<\/p>\n\n<ul class=\"wp-block-list\">\n<li>Language settings;<\/li>\n\n<li>Anonymous browsing behavior data;<\/li>\n\n<li>Active session information;<\/li>\n\n<li>User preferences;<\/li>\n\n<li>Anonymous visitor statistics.<\/li>\n<\/ul>\n\n<p>Their lifespan can vary:<\/p>\n\n<ul class=\"wp-block-list\">\n<li><strong>Session cookies:<\/strong>active only while browsing the site;<\/li>\n\n<li><strong>Persistent cookies<\/strong>: can remain for months or years but can be deleted anytime via browser.<\/li>\n<\/ul>\n\n<p>You have full control over cookies. You can:<\/p>\n\n<ul class=\"wp-block-list\">\n<li>Delete existing cookies;<\/li>\n\n<li>Configure your browser to block cookies;<\/li>\n\n<li>Allow cookies only from preferred sites.<\/li>\n<\/ul>\n\n<ul class=\"wp-block-list\"><\/ul>\n\n<p class=\"wp-block-heading\">Privacy and Security<\/p>\n\n<ul class=\"wp-block-list\">\n<li>Cookies\u00a0<strong>are not viruses<\/strong>\u00a0and\u00a0<strong>cannot access data on your hard drive.<\/strong>.<\/li>\n\n<li>They may be used\u00a0<strong>to track behavior,<\/strong>so it is important to set your privacy level in your browser.<\/li>\n\n<li>Modern browsers allow\u00a0<strong>automatic deletion<\/strong>\u00a0of cookies when you close your session.<\/li>\n<\/ul>\n\n<p class=\"wp-block-heading\">Tips for Safe Browsing<\/p>\n\n<ul class=\"wp-block-list\">\n<li>Keep your browser updated regularly.<\/li>\n\n<li>Use anti-spyware software.<\/li>\n\n<li>Customize privacy settings as you prefer.<\/li>\n\n<li>Avoid using unsecured Wi-Fi for sensitive data.<\/li>\n<\/ul>\n\n<p class=\"wp-block-heading\">How to Disable Cookies<\/p>\n\n<p>Cookies\u00a0<strong>can be<\/strong> disabled in your browser settings, but some site features may become unavailable or malfunction.<\/p>\n\n<p>For questions or clarifications, you can contact us by filling out the form on the Contact page.<\/p>\n\t\t\t\t\t\t\t\t<\/div>\n\t\t\t\t<\/div>\n\t\t\t\t\t<\/div>\n\t\t\t\t<\/div>\n\t\t\t\t<\/div>","protected":false},"excerpt":{"rendered":"<p>Politica de Confiden\u021bialitate DIYBOOKING La\u00a0DIYBOOKING\u00a0(\u201enoi\u201d, \u201eal nostru\u201d sau \u201esite-ul\u201d), protejarea confiden\u021bialit\u0103\u021bii \u0219i a datelor tale personale este o prioritate. Aceast\u0103 politic\u0103 explic\u0103 ce date colect\u0103m, cum le folosim \u0219i cum le protej\u0103m c\u00e2nd folose\u0219ti platforma noastr\u0103. Ce date colect\u0103mPutem colecta urm\u0103toarele tipuri de informa\u021bii: Cum folosim datele taleFolosim datele colectate pentru: Protec\u021bia datelorImplement\u0103m m\u0103suri tehnice [&hellip;]<\/p>\n","protected":false},"author":17,"featured_media":0,"parent":0,"menu_order":0,"comment_status":"closed","ping_status":"closed","template":"","meta":{"footnotes":""},"class_list":["post-1685","page","type-page","status-publish","hentry"],"yoast_head":"<!-- This site is optimized with the Yoast SEO plugin v27.4 - https:\/\/yoast.com\/product\/yoast-seo-wordpress\/ -->\n<title>Confiden\u021bialitate \u0219i cookies - DIYBOOKING<\/title>\n<meta name=\"robots\" content=\"index, follow, max-snippet:-1, max-image-preview:large, max-video-preview:-1\" \/>\n<link rel=\"canonical\" href=\"https:\/\/diybooking.live\/en\/confidentialitate-si-cookies\/\" \/>\n<meta property=\"og:locale\" content=\"en_US\" \/>\n<meta property=\"og:type\" content=\"article\" \/>\n<meta property=\"og:title\" content=\"Confiden\u021bialitate \u0219i cookies - DIYBOOKING\" \/>\n<meta property=\"og:description\" content=\"Politica de Confiden\u021bialitate DIYBOOKING La\u00a0DIYBOOKING\u00a0(\u201enoi\u201d, \u201eal nostru\u201d sau \u201esite-ul\u201d), protejarea confiden\u021bialit\u0103\u021bii \u0219i a datelor tale personale este o prioritate. Aceast\u0103 politic\u0103 explic\u0103 ce date colect\u0103m, cum le folosim \u0219i cum le protej\u0103m c\u00e2nd folose\u0219ti platforma noastr\u0103. Ce date colect\u0103mPutem colecta urm\u0103toarele tipuri de informa\u021bii: Cum folosim datele taleFolosim datele colectate pentru: Protec\u021bia datelorImplement\u0103m m\u0103suri tehnice [&hellip;]\" \/>\n<meta property=\"og:url\" content=\"https:\/\/diybooking.live\/en\/confidentialitate-si-cookies\/\" \/>\n<meta property=\"og:site_name\" content=\"DIYBOOKING\" \/>\n<meta property=\"article:modified_time\" content=\"2026-02-10T06:15:05+00:00\" \/>\n<meta name=\"twitter:card\" content=\"summary_large_image\" \/>\n<meta name=\"twitter:label1\" content=\"Est. reading time\" \/>\n\t<meta name=\"twitter:data1\" content=\"5 minutes\" \/>\n<script type=\"application\/ld+json\" class=\"yoast-schema-graph\">{\"@context\":\"https:\\\/\\\/schema.org\",\"@graph\":[{\"@type\":\"WebPage\",\"@id\":\"https:\\\/\\\/diybooking.live\\\/confidentialitate-si-cookies\\\/\",\"url\":\"https:\\\/\\\/diybooking.live\\\/confidentialitate-si-cookies\\\/\",\"name\":\"Confiden\u021bialitate \u0219i cookies - DIYBOOKING\",\"isPartOf\":{\"@id\":\"https:\\\/\\\/diybooking.live\\\/#website\"},\"datePublished\":\"2025-08-08T09:01:41+00:00\",\"dateModified\":\"2026-02-10T06:15:05+00:00\",\"breadcrumb\":{\"@id\":\"https:\\\/\\\/diybooking.live\\\/confidentialitate-si-cookies\\\/#breadcrumb\"},\"inLanguage\":\"en-US\",\"potentialAction\":[{\"@type\":\"ReadAction\",\"target\":[\"https:\\\/\\\/diybooking.live\\\/confidentialitate-si-cookies\\\/\"]}]},{\"@type\":\"BreadcrumbList\",\"@id\":\"https:\\\/\\\/diybooking.live\\\/confidentialitate-si-cookies\\\/#breadcrumb\",\"itemListElement\":[{\"@type\":\"ListItem\",\"position\":1,\"name\":\"Prima pagin\u0103\",\"item\":\"https:\\\/\\\/diybooking.live\\\/\"},{\"@type\":\"ListItem\",\"position\":2,\"name\":\"Confiden\u021bialitate \u0219i cookies\"}]},{\"@type\":\"WebSite\",\"@id\":\"https:\\\/\\\/diybooking.live\\\/#website\",\"url\":\"https:\\\/\\\/diybooking.live\\\/\",\"name\":\"DIYBOOKING\",\"description\":\"Rezerv\u0103 urm\u0103toarea loca\u021bie \u00een care tu \u0219i trupa ta a\u021bi putea c\u00e2nta.\",\"publisher\":{\"@id\":\"https:\\\/\\\/diybooking.live\\\/#organization\"},\"potentialAction\":[{\"@type\":\"SearchAction\",\"target\":{\"@type\":\"EntryPoint\",\"urlTemplate\":\"https:\\\/\\\/diybooking.live\\\/?s={search_term_string}\"},\"query-input\":{\"@type\":\"PropertyValueSpecification\",\"valueRequired\":true,\"valueName\":\"search_term_string\"}}],\"inLanguage\":\"en-US\"},{\"@type\":\"Organization\",\"@id\":\"https:\\\/\\\/diybooking.live\\\/#organization\",\"name\":\"DIYBOOKING\",\"url\":\"https:\\\/\\\/diybooking.live\\\/\",\"logo\":{\"@type\":\"ImageObject\",\"inLanguage\":\"en-US\",\"@id\":\"https:\\\/\\\/diybooking.live\\\/#\\\/schema\\\/logo\\\/image\\\/\",\"url\":\"https:\\\/\\\/diybooking.ro\\\/wp-content\\\/uploads\\\/2025\\\/08\\\/7469B6-1-scaled.png\",\"contentUrl\":\"https:\\\/\\\/diybooking.ro\\\/wp-content\\\/uploads\\\/2025\\\/08\\\/7469B6-1-scaled.png\",\"width\":2560,\"height\":874,\"caption\":\"DIYBOOKING\"},\"image\":{\"@id\":\"https:\\\/\\\/diybooking.live\\\/#\\\/schema\\\/logo\\\/image\\\/\"}}]}<\/script>\n<!-- \/ Yoast SEO plugin. -->","yoast_head_json":{"title":"Confiden\u021bialitate \u0219i cookies - DIYBOOKING","robots":{"index":"index","follow":"follow","max-snippet":"max-snippet:-1","max-image-preview":"max-image-preview:large","max-video-preview":"max-video-preview:-1"},"canonical":"https:\/\/diybooking.live\/en\/confidentialitate-si-cookies\/","og_locale":"en_US","og_type":"article","og_title":"Confiden\u021bialitate \u0219i cookies - DIYBOOKING","og_description":"Politica de Confiden\u021bialitate DIYBOOKING La\u00a0DIYBOOKING\u00a0(\u201enoi\u201d, \u201eal nostru\u201d sau \u201esite-ul\u201d), protejarea confiden\u021bialit\u0103\u021bii \u0219i a datelor tale personale este o prioritate. Aceast\u0103 politic\u0103 explic\u0103 ce date colect\u0103m, cum le folosim \u0219i cum le protej\u0103m c\u00e2nd folose\u0219ti platforma noastr\u0103. Ce date colect\u0103mPutem colecta urm\u0103toarele tipuri de informa\u021bii: Cum folosim datele taleFolosim datele colectate pentru: Protec\u021bia datelorImplement\u0103m m\u0103suri tehnice [&hellip;]","og_url":"https:\/\/diybooking.live\/en\/confidentialitate-si-cookies\/","og_site_name":"DIYBOOKING","article_modified_time":"2026-02-10T06:15:05+00:00","twitter_card":"summary_large_image","twitter_misc":{"Est. reading time":"5 minutes"},"schema":{"@context":"https:\/\/schema.org","@graph":[{"@type":"WebPage","@id":"https:\/\/diybooking.live\/confidentialitate-si-cookies\/","url":"https:\/\/diybooking.live\/confidentialitate-si-cookies\/","name":"Confiden\u021bialitate \u0219i cookies - DIYBOOKING","isPartOf":{"@id":"https:\/\/diybooking.live\/#website"},"datePublished":"2025-08-08T09:01:41+00:00","dateModified":"2026-02-10T06:15:05+00:00","breadcrumb":{"@id":"https:\/\/diybooking.live\/confidentialitate-si-cookies\/#breadcrumb"},"inLanguage":"en-US","potentialAction":[{"@type":"ReadAction","target":["https:\/\/diybooking.live\/confidentialitate-si-cookies\/"]}]},{"@type":"BreadcrumbList","@id":"https:\/\/diybooking.live\/confidentialitate-si-cookies\/#breadcrumb","itemListElement":[{"@type":"ListItem","position":1,"name":"Prima pagin\u0103","item":"https:\/\/diybooking.live\/"},{"@type":"ListItem","position":2,"name":"Confiden\u021bialitate \u0219i cookies"}]},{"@type":"WebSite","@id":"https:\/\/diybooking.live\/#website","url":"https:\/\/diybooking.live\/","name":"DIYBOOKING","description":"Rezerv\u0103 urm\u0103toarea loca\u021bie \u00een care tu \u0219i trupa ta a\u021bi putea c\u00e2nta.","publisher":{"@id":"https:\/\/diybooking.live\/#organization"},"potentialAction":[{"@type":"SearchAction","target":{"@type":"EntryPoint","urlTemplate":"https:\/\/diybooking.live\/?s={search_term_string}"},"query-input":{"@type":"PropertyValueSpecification","valueRequired":true,"valueName":"search_term_string"}}],"inLanguage":"en-US"},{"@type":"Organization","@id":"https:\/\/diybooking.live\/#organization","name":"DIYBOOKING","url":"https:\/\/diybooking.live\/","logo":{"@type":"ImageObject","inLanguage":"en-US","@id":"https:\/\/diybooking.live\/#\/schema\/logo\/image\/","url":"https:\/\/diybooking.ro\/wp-content\/uploads\/2025\/08\/7469B6-1-scaled.png","contentUrl":"https:\/\/diybooking.ro\/wp-content\/uploads\/2025\/08\/7469B6-1-scaled.png","width":2560,"height":874,"caption":"DIYBOOKING"},"image":{"@id":"https:\/\/diybooking.live\/#\/schema\/logo\/image\/"}}]}},"_links":{"self":[{"href":"https:\/\/diybooking.live\/en\/wp-json\/wp\/v2\/pages\/1685","targetHints":{"allow":["GET"]}}],"collection":[{"href":"https:\/\/diybooking.live\/en\/wp-json\/wp\/v2\/pages"}],"about":[{"href":"https:\/\/diybooking.live\/en\/wp-json\/wp\/v2\/types\/page"}],"author":[{"embeddable":true,"href":"https:\/\/diybooking.live\/en\/wp-json\/wp\/v2\/users\/17"}],"replies":[{"embeddable":true,"href":"https:\/\/diybooking.live\/en\/wp-json\/wp\/v2\/comments?post=1685"}],"version-history":[{"count":5,"href":"https:\/\/diybooking.live\/en\/wp-json\/wp\/v2\/pages\/1685\/revisions"}],"predecessor-version":[{"id":4717,"href":"https:\/\/diybooking.live\/en\/wp-json\/wp\/v2\/pages\/1685\/revisions\/4717"}],"wp:attachment":[{"href":"https:\/\/diybooking.live\/en\/wp-json\/wp\/v2\/media?parent=1685"}],"curies":[{"name":"wp","href":"https:\/\/api.w.org\/{rel}","templated":true}]}}